{"id":2,"date":"2011-01-20T10:21:54","date_gmt":"2011-01-20T10:21:54","guid":{"rendered":"https:\/\/hknylmz.com\/Blog\/?page_id=2"},"modified":"2021-01-15T07:27:33","modified_gmt":"2021-01-15T04:27:33","slug":"hakkinda","status":"publish","type":"page","link":"https:\/\/hknylmz.com\/Blog\/hakkinda\/","title":{"rendered":"Hakk\u0131nda"},"content":{"rendered":"<p style=\"text-align: right;\">\n<p>Bu sayfa g\u00fcncelli\u011fini kaybetti\u011fi i\u00e7in silinmi\u015ftir hakk\u0131mda bilgi edinmek i\u00e7in sosyal medya hesaplar\u0131m\u0131 takip edebilirsiniz.<\/p>\n<p style=\"text-align: right;\">\n<p style=\"text-align: left;\"><span style=\"font-size: small;\"><span style=\"line-height: 19px;\"><strong>\u00a0<\/strong><\/span><\/span><\/p>\n<p><iframe loading=\"lazy\" src=\"https:\/\/maps.google.com\/?ie=UTF8&amp;t=m&amp;ll=40.999278,39.723097&amp;spn=0.003887,0.006866&amp;z=17&amp;output=embed\" width=\"640\" height=\"480\" frameborder=\"0\" marginwidth=\"0\" marginheight=\"0\" scrolling=\"no\"><\/iframe><\/p>\n<p><small><a style=\"color: #0000ff; text-align: left;\" href=\"https:\/\/maps.google.com\/?ie=UTF8&amp;t=m&amp;ll=40.999278,39.723097&amp;spn=0.003887,0.006866&amp;z=17&amp;source=embed\">Daha B\u00fcy\u00fck G\u00f6r\u00fcnt\u00fcle<\/a><\/small><\/p>\n","protected":false},"excerpt":{"rendered":"<p>Bu sayfa g\u00fcncelli\u011fini kaybetti\u011fi i\u00e7in silinmi\u015ftir hakk\u0131mda bilgi edinmek i\u00e7in sosyal medya hesaplar\u0131m\u0131 takip edebilirsiniz. \u00a0 Daha B\u00fcy\u00fck G\u00f6r\u00fcnt\u00fcle<\/p>\n","protected":false},"author":1,"featured_media":0,"parent":0,"menu_order":0,"comment_status":"closed","ping_status":"open","template":"","meta":{"footnotes":""},"class_list":["post-2","page","type-page","status-publish","hentry"],"_links":{"self":[{"href":"https:\/\/hknylmz.com\/Blog\/wp-json\/wp\/v2\/pages\/2","targetHints":{"allow":["GET"]}}],"collection":[{"href":"https:\/\/hknylmz.com\/Blog\/wp-json\/wp\/v2\/pages"}],"about":[{"href":"https:\/\/hknylmz.com\/Blog\/wp-json\/wp\/v2\/types\/page"}],"author":[{"embeddable":true,"href":"https:\/\/hknylmz.com\/Blog\/wp-json\/wp\/v2\/users\/1"}],"replies":[{"embeddable":true,"href":"https:\/\/hknylmz.com\/Blog\/wp-json\/wp\/v2\/comments?post=2"}],"version-history":[{"count":11,"href":"https:\/\/hknylmz.com\/Blog\/wp-json\/wp\/v2\/pages\/2\/revisions"}],"predecessor-version":[{"id":1340,"href":"https:\/\/hknylmz.com\/Blog\/wp-json\/wp\/v2\/pages\/2\/revisions\/1340"}],"wp:attachment":[{"href":"https:\/\/hknylmz.com\/Blog\/wp-json\/wp\/v2\/media?parent=2"}],"curies":[{"name":"wp","href":"https:\/\/api.w.org\/{rel}","templated":true}]}}