{"id":15,"date":"2011-01-20T15:48:02","date_gmt":"2011-01-20T15:48:02","guid":{"rendered":"https:\/\/hknylmz.com\/Blog\/"},"modified":"2020-04-19T22:41:51","modified_gmt":"2020-04-19T19:41:51","slug":"iletisim","status":"publish","type":"page","link":"https:\/\/hknylmz.com\/Blog\/iletisim\/","title":{"rendered":"\u0130leti\u015fim"},"content":{"rendered":"<p>Nas\u0131l ileti\u015fime ge\u00e7ebilirsiniz ?<\/p>\n<p>[symple_social icon=&#8221;twitter&#8221; url=&#8221;http:\/\/www.twitter.com\/tjhakan&#8221; title=&#8221;Takip et&#8221; target=&#8221;self&#8221; rel=&#8221;&#8221;]<\/p>\n<p>[symple_social icon=&#8221;facebook&#8221; url=&#8221;https:\/\/www.facebook.com\/Hakan.YILMAZ&#8221; title=&#8221;Facebook&#8221; target=&#8221;self&#8221; rel=&#8221;&#8221;]<\/p>\n<p>[symple_social icon=&#8221;google&#8221; url=&#8221;http:\/\/www.gplus.to\/tjhakan&#8221; title=&#8221;Google plus &#8221; target=&#8221;self&#8221; rel=&#8221;&#8221;]<\/p>\n<p>[symple_social icon=&#8221;linkedin&#8221; url=&#8221;http:\/\/tr.linkedin.com\/in\/tjhakan\/&#8221; title=&#8221;Linkedin&#8221; target=&#8221;self&#8221; rel=&#8221;&#8221;]<\/p>\n<p>[symple_social icon=&#8221;mail&#8221; url=&#8221;mailto:tjhakan@gmail.com?Subject=Merhba&#8221; title=&#8221;Mail G\u00f6nder&#8221; target=&#8221;self&#8221; rel=&#8221;&#8221;]<\/p>\n<p>[symple_social icon=&#8221;mail&#8221; url=&#8221;mailto:hakan@hknylmz.com?Subject=Merhba&#8221; title=&#8221;Mail G\u00f6nder&#8221; target=&#8221;self&#8221; rel=&#8221;&#8221;]<\/p>\n<p>[symple_social icon=&#8221;skype&#8221; url=&#8221;mailto:tjhakan@hotmail.com&#8221; title=&#8221;Follow Us&#8221; target=&#8221;self&#8221; rel=&#8221;&#8221;]<\/p>\n","protected":false},"excerpt":{"rendered":"<p>Nas\u0131l ileti\u015fime ge\u00e7ebilirsiniz ? [symple_social icon=&#8221;twitter&#8221; url=&#8221;http:\/\/www.twitter.com\/tjhakan&#8221; title=&#8221;Takip et&#8221; target=&#8221;self&#8221; rel=&#8221;&#8221;] [symple_social icon=&#8221;facebook&#8221; url=&#8221;https:\/\/www.facebook.com\/Hakan.YILMAZ&#8221; title=&#8221;Facebook&#8221; target=&#8221;self&#8221; rel=&#8221;&#8221;] [symple_social icon=&#8221;google&#8221; url=&#8221;http:\/\/www.gplus.to\/tjhakan&#8221; title=&#8221;Google plus &#8221; target=&#8221;self&#8221; rel=&#8221;&#8221;] [symple_social icon=&#8221;linkedin&#8221; url=&#8221;http:\/\/tr.linkedin.com\/in\/tjhakan\/&#8221; title=&#8221;Linkedin&#8221; target=&#8221;self&#8221; rel=&#8221;&#8221;] [symple_social icon=&#8221;mail&#8221; url=&#8221;mailto:tjhakan@gmail.com?Subject=Merhba&#8221; title=&#8221;Mail G\u00f6nder&#8221; target=&#8221;self&#8221; rel=&#8221;&#8221;] [symple_social icon=&#8221;mail&#8221; url=&#8221;mailto:hakan@hknylmz.com?Subject=Merhba&#8221; title=&#8221;Mail G\u00f6nder&#8221; target=&#8221;self&#8221; rel=&#8221;&#8221;] [symple_social icon=&#8221;skype&#8221; url=&#8221;mailto:tjhakan@hotmail.com&#8221; title=&#8221;Follow Us&#8221; target=&#8221;self&#8221; rel=&#8221;&#8221;]<\/p>\n","protected":false},"author":1,"featured_media":0,"parent":0,"menu_order":0,"comment_status":"closed","ping_status":"open","template":"","meta":{"footnotes":""},"class_list":["post-15","page","type-page","status-publish","hentry"],"_links":{"self":[{"href":"https:\/\/hknylmz.com\/Blog\/wp-json\/wp\/v2\/pages\/15","targetHints":{"allow":["GET"]}}],"collection":[{"href":"https:\/\/hknylmz.com\/Blog\/wp-json\/wp\/v2\/pages"}],"about":[{"href":"https:\/\/hknylmz.com\/Blog\/wp-json\/wp\/v2\/types\/page"}],"author":[{"embeddable":true,"href":"https:\/\/hknylmz.com\/Blog\/wp-json\/wp\/v2\/users\/1"}],"replies":[{"embeddable":true,"href":"https:\/\/hknylmz.com\/Blog\/wp-json\/wp\/v2\/comments?post=15"}],"version-history":[{"count":10,"href":"https:\/\/hknylmz.com\/Blog\/wp-json\/wp\/v2\/pages\/15\/revisions"}],"predecessor-version":[{"id":1295,"href":"https:\/\/hknylmz.com\/Blog\/wp-json\/wp\/v2\/pages\/15\/revisions\/1295"}],"wp:attachment":[{"href":"https:\/\/hknylmz.com\/Blog\/wp-json\/wp\/v2\/media?parent=15"}],"curies":[{"name":"wp","href":"https:\/\/api.w.org\/{rel}","templated":true}]}}